{"id":249,"date":"2025-03-31T14:19:30","date_gmt":"2025-03-31T14:19:30","guid":{"rendered":"https:\/\/primavera.ms2.decms.eu\/?page_id=249"},"modified":"2025-03-31T14:20:43","modified_gmt":"2025-03-31T14:20:43","slug":"privacy-policy","status":"publish","type":"page","link":"https:\/\/www.primaverahotel.cz\/en\/privacy-policy\/","title":{"rendered":"Privacy Policy"},"content":{"rendered":"<p>Notice on Fulfillment of Information Obligation (GDPR)<\/p>\n<p>EXIMPO PLZE\u0147, spol. s r.o., Company ID: 40523811, VAT ID CZ40523811, registered with the Regional Court in Plze\u0148 under section C, file 1015, with its registered office at Nepomuck\u00e1 1058\/128, 326 00 Plze\u0148 (&#8220;&#8221;Controller&#8221;&#8221;), processes personal data in accordance with the Regulation (EU) 2016\/679 of the European Parliament and Council of 27 April 2016, General Data Protection Regulation (&#8220;&#8221;GDPR&#8221;&#8221;) and other applicable legal regulations.<\/p>\n<p>For the purpose of employee recruitment, labor law matters, payroll, attendance tracking, reservations, keeping records, managing the house book, guest registration, property protection through CCTV, and sending service offers, personal data\/categories of personal data are processed, including data leading to the direct identification of a physical person, i.e. address and identification data, descriptive data, and data leading to the indirect identification of a physical person, based on legal obligation, contract fulfillment, legitimate interest, and consent of the data subject.<\/p>\n<p>The Controller will process personal data manually and automatically, both directly through its authorized employees and through the data processor authorized by the Controller based on data processing agreements.<\/p>\n<p>A list of recipients\/categories of recipients to whom personal data may be disclosed is available on our website (www.primaverahotel.cz\/cs\/gdpr).<\/p>\n<p>The Controller will process personal data for as long as necessary to achieve the intended purpose.<\/p>\n<p>The data subject has the right to access their personal data processed by the Controller, request correction or deletion, limit processing, and the right to object to processing.<\/p>\n<p>The data subject also has the right to obtain from the Controller the personal data concerning them and provided to the Controller. Upon the data subject&#8217;s request, the Controller will provide the data without undue delay in a structured, commonly used, and machine-readable format or, at the request of the data subject, transfer them to another clearly identified controller. This right does not apply to personal data that are not processed automatically.<\/p>\n<p>The Controller does not intend to provide personal data to third countries.<\/p>\n<p>If the data subject believes their personal data is being processed unlawfully, they may file a complaint with the supervisory authority, which for the Czech Republic is the Office for Personal Data Protection (www.uoou.cz).<\/p>\n<p>Controller&#8217;s Contact Information:<\/p>\n<p>EXIMPO PLZE\u0147, spol. s r.o.<br \/>\nNepomuck\u00e1 1058\/128, 326 00<br \/>\nIng. Martin Chalu\u0161, Managing Director<br \/>\nT. +420 378 020 500, E. chalus@primaverahotel.cz<\/p>\n<p>Plze\u0148, May 25, 2018<br \/>\nIng. Martin Chalu\u0161<br \/>\nManaging Director<br \/>\nEXIMPO PLZE\u0147, spol. s r.o.<\/p>\n<p>Information Obligation on Out-of-Court Settlement of Consumer Disputes under Section 14(1) of Act No. 634\/1992 Coll., on Consumer Protection<\/p>\n<p>In case of a consumer dispute arising from a purchase agreement or a service contract, which cannot be resolved by mutual agreement between us and the consumer, the consumer may submit a proposal for the out-of-court settlement of such a dispute to an alternative dispute resolution entity, which is:<\/p>\n<p>Czech Trade Inspection<br \/>\nInspectorate for the Plze\u0148 and Karlovy Vary Regions<br \/>\nHou\u0161kova 661\/33, 326 00 Plze\u0148<\/p>\n<p>Secretariat: +420 377 323 596<br \/>\nFax: +420 296 366 236<br \/>\nIS DS: ytqdz5f<\/p>\n<p>Ing. Martin Chalu\u0161<br \/>\nManaging Director<br \/>\nEXIMPO PLZE\u0147, spol. s r.o.<\/p>\n","protected":false},"excerpt":{"rendered":"<p>Notice on Fulfillment of Information Obligation (GDPR) EXIMPO PLZE\u0147, spol. s r.o., Company ID: 40523811, VAT ID CZ40523811, registered with the Regional Court in Plze\u0148 under section C, file 1015, with its registered office at Nepomuck\u00e1 1058\/128, 326 00 Plze\u0148 (&#8220;&#8221;Controller&#8221;&#8221;), processes personal data in accordance with the Regulation (EU) 2016\/679 of the European Parliament [&hellip;]<\/p>\n","protected":false},"author":8,"featured_media":0,"parent":0,"menu_order":900,"comment_status":"closed","ping_status":"closed","template":"","meta":{"footnotes":""},"yoast_head":"<!-- This site is optimized with the Yoast SEO plugin v22.3 - https:\/\/yoast.com\/wordpress\/plugins\/seo\/ -->\n<title>Privacy Policy &#8226; Primavera Hotel &amp; Congress centre<\/title>\n<meta name=\"robots\" content=\"index, follow, max-snippet:-1, max-image-preview:large, max-video-preview:-1\" \/>\n<link rel=\"canonical\" href=\"https:\/\/www.primaverahotel.cz\/en\/privacy-policy\/\" \/>\n<meta property=\"og:locale\" content=\"en_US\" \/>\n<meta property=\"og:type\" content=\"article\" \/>\n<meta property=\"og:title\" content=\"Privacy Policy &#8226; Primavera Hotel &amp; Congress centre\" \/>\n<meta property=\"og:description\" content=\"Notice on Fulfillment of Information Obligation (GDPR) EXIMPO PLZE\u0147, spol. s r.o., Company ID: 40523811, VAT ID CZ40523811, registered with the Regional Court in Plze\u0148 under section C, file 1015, with its registered office at Nepomuck\u00e1 1058\/128, 326 00 Plze\u0148 (&#8220;&#8221;Controller&#8221;&#8221;), processes personal data in accordance with the Regulation (EU) 2016\/679 of the European Parliament [&hellip;]\" \/>\n<meta property=\"og:url\" content=\"https:\/\/www.primaverahotel.cz\/en\/privacy-policy\/\" \/>\n<meta property=\"og:site_name\" content=\"Primavera Hotel &amp; Congress centre\" \/>\n<meta property=\"article:publisher\" content=\"https:\/\/www.facebook.com\/primaverahotel.cz\" \/>\n<meta property=\"article:modified_time\" content=\"2025-03-31T14:20:43+00:00\" \/>\n<meta property=\"og:image\" content=\"https:\/\/www.primaverahotel.cz\/wp-content\/uploads\/sites\/227\/2025\/03\/primavera-hotel-congress-.jpg\" \/>\n\t<meta property=\"og:image:width\" content=\"2345\" \/>\n\t<meta property=\"og:image:height\" content=\"1200\" \/>\n\t<meta property=\"og:image:type\" content=\"image\/jpeg\" \/>\n<meta name=\"twitter:card\" content=\"summary_large_image\" \/>\n<meta name=\"twitter:site\" content=\"@hotelprimavera\" \/>\n<script type=\"application\/ld+json\" class=\"yoast-schema-graph\">{\"@context\":\"https:\/\/schema.org\",\"@graph\":[{\"@type\":\"WebPage\",\"@id\":\"https:\/\/www.primaverahotel.cz\/en\/privacy-policy\/\",\"url\":\"https:\/\/www.primaverahotel.cz\/en\/privacy-policy\/\",\"name\":\"Privacy Policy &#8226; Primavera Hotel &amp; Congress centre\",\"isPartOf\":{\"@id\":\"https:\/\/www.primaverahotel.cz\/en\/#website\"},\"datePublished\":\"2025-03-31T14:19:30+00:00\",\"dateModified\":\"2025-03-31T14:20:43+00:00\",\"breadcrumb\":{\"@id\":\"https:\/\/www.primaverahotel.cz\/en\/privacy-policy\/#breadcrumb\"},\"inLanguage\":\"en-US\",\"potentialAction\":[{\"@type\":\"ReadAction\",\"target\":[\"https:\/\/www.primaverahotel.cz\/en\/privacy-policy\/\"]}]},{\"@type\":\"BreadcrumbList\",\"@id\":\"https:\/\/www.primaverahotel.cz\/en\/privacy-policy\/#breadcrumb\",\"itemListElement\":[{\"@type\":\"ListItem\",\"position\":1,\"name\":\"Home\",\"item\":\"https:\/\/www.primaverahotel.cz\/en\/\"},{\"@type\":\"ListItem\",\"position\":2,\"name\":\"Privacy Policy\"}]},{\"@type\":\"WebSite\",\"@id\":\"https:\/\/www.primaverahotel.cz\/en\/#website\",\"url\":\"https:\/\/www.primaverahotel.cz\/en\/\",\"name\":\"Primavera Hotel & Congress centre\",\"description\":\"\",\"publisher\":{\"@id\":\"https:\/\/www.primaverahotel.cz\/en\/#organization\"},\"alternateName\":\"Primavera Hotel\",\"potentialAction\":[{\"@type\":\"SearchAction\",\"target\":{\"@type\":\"EntryPoint\",\"urlTemplate\":\"https:\/\/www.primaverahotel.cz\/en\/?s={search_term_string}\"},\"query-input\":\"required name=search_term_string\"}],\"inLanguage\":\"en-US\"},{\"@type\":\"Organization\",\"@id\":\"https:\/\/www.primaverahotel.cz\/en\/#organization\",\"name\":\"Primavera Hotel & Congress centre\",\"url\":\"https:\/\/www.primaverahotel.cz\/en\/\",\"logo\":{\"@type\":\"ImageObject\",\"inLanguage\":\"en-US\",\"@id\":\"https:\/\/www.primaverahotel.cz\/en\/#\/schema\/logo\/image\/\",\"url\":\"https:\/\/www.primaverahotel.cz\/wp-content\/uploads\/sites\/227\/2025\/03\/logo_primavera.png\",\"contentUrl\":\"https:\/\/www.primaverahotel.cz\/wp-content\/uploads\/sites\/227\/2025\/03\/logo_primavera.png\",\"width\":420,\"height\":200,\"caption\":\"Primavera Hotel & Congress centre\"},\"image\":{\"@id\":\"https:\/\/www.primaverahotel.cz\/en\/#\/schema\/logo\/image\/\"},\"sameAs\":[\"https:\/\/www.facebook.com\/primaverahotel.cz\",\"https:\/\/twitter.com\/hotelprimavera\",\"https:\/\/www.primaverahotel.cz\/www.youtube.com\/channel\/UCOPQjWRY1lIF95VFdBOc0yA\/\",\"https:\/\/www.instagram.com\/primavera.hotel\/\"]}]}<\/script>\n<!-- \/ Yoast SEO plugin. -->","yoast_head_json":{"title":"Privacy Policy &#8226; Primavera Hotel &amp; Congress centre","robots":{"index":"index","follow":"follow","max-snippet":"max-snippet:-1","max-image-preview":"max-image-preview:large","max-video-preview":"max-video-preview:-1"},"canonical":"https:\/\/www.primaverahotel.cz\/en\/privacy-policy\/","og_locale":"en_US","og_type":"article","og_title":"Privacy Policy &#8226; Primavera Hotel &amp; Congress centre","og_description":"Notice on Fulfillment of Information Obligation (GDPR) EXIMPO PLZE\u0147, spol. s r.o., Company ID: 40523811, VAT ID CZ40523811, registered with the Regional Court in Plze\u0148 under section C, file 1015, with its registered office at Nepomuck\u00e1 1058\/128, 326 00 Plze\u0148 (&#8220;&#8221;Controller&#8221;&#8221;), processes personal data in accordance with the Regulation (EU) 2016\/679 of the European Parliament [&hellip;]","og_url":"https:\/\/www.primaverahotel.cz\/en\/privacy-policy\/","og_site_name":"Primavera Hotel &amp; Congress centre","article_publisher":"https:\/\/www.facebook.com\/primaverahotel.cz","article_modified_time":"2025-03-31T14:20:43+00:00","og_image":[{"width":2345,"height":1200,"url":"https:\/\/www.primaverahotel.cz\/wp-content\/uploads\/sites\/227\/2025\/03\/primavera-hotel-congress-.jpg","type":"image\/jpeg"}],"twitter_card":"summary_large_image","twitter_site":"@hotelprimavera","schema":{"@context":"https:\/\/schema.org","@graph":[{"@type":"WebPage","@id":"https:\/\/www.primaverahotel.cz\/en\/privacy-policy\/","url":"https:\/\/www.primaverahotel.cz\/en\/privacy-policy\/","name":"Privacy Policy &#8226; Primavera Hotel &amp; Congress centre","isPartOf":{"@id":"https:\/\/www.primaverahotel.cz\/en\/#website"},"datePublished":"2025-03-31T14:19:30+00:00","dateModified":"2025-03-31T14:20:43+00:00","breadcrumb":{"@id":"https:\/\/www.primaverahotel.cz\/en\/privacy-policy\/#breadcrumb"},"inLanguage":"en-US","potentialAction":[{"@type":"ReadAction","target":["https:\/\/www.primaverahotel.cz\/en\/privacy-policy\/"]}]},{"@type":"BreadcrumbList","@id":"https:\/\/www.primaverahotel.cz\/en\/privacy-policy\/#breadcrumb","itemListElement":[{"@type":"ListItem","position":1,"name":"Home","item":"https:\/\/www.primaverahotel.cz\/en\/"},{"@type":"ListItem","position":2,"name":"Privacy Policy"}]},{"@type":"WebSite","@id":"https:\/\/www.primaverahotel.cz\/en\/#website","url":"https:\/\/www.primaverahotel.cz\/en\/","name":"Primavera Hotel & Congress centre","description":"","publisher":{"@id":"https:\/\/www.primaverahotel.cz\/en\/#organization"},"alternateName":"Primavera Hotel","potentialAction":[{"@type":"SearchAction","target":{"@type":"EntryPoint","urlTemplate":"https:\/\/www.primaverahotel.cz\/en\/?s={search_term_string}"},"query-input":"required name=search_term_string"}],"inLanguage":"en-US"},{"@type":"Organization","@id":"https:\/\/www.primaverahotel.cz\/en\/#organization","name":"Primavera Hotel & Congress centre","url":"https:\/\/www.primaverahotel.cz\/en\/","logo":{"@type":"ImageObject","inLanguage":"en-US","@id":"https:\/\/www.primaverahotel.cz\/en\/#\/schema\/logo\/image\/","url":"https:\/\/www.primaverahotel.cz\/wp-content\/uploads\/sites\/227\/2025\/03\/logo_primavera.png","contentUrl":"https:\/\/www.primaverahotel.cz\/wp-content\/uploads\/sites\/227\/2025\/03\/logo_primavera.png","width":420,"height":200,"caption":"Primavera Hotel & Congress centre"},"image":{"@id":"https:\/\/www.primaverahotel.cz\/en\/#\/schema\/logo\/image\/"},"sameAs":["https:\/\/www.facebook.com\/primaverahotel.cz","https:\/\/twitter.com\/hotelprimavera","https:\/\/www.primaverahotel.cz\/www.youtube.com\/channel\/UCOPQjWRY1lIF95VFdBOc0yA\/","https:\/\/www.instagram.com\/primavera.hotel\/"]}]}},"acf":[],"_links":{"self":[{"href":"https:\/\/www.primaverahotel.cz\/en\/wp-json\/wp\/v2\/pages\/249"}],"collection":[{"href":"https:\/\/www.primaverahotel.cz\/en\/wp-json\/wp\/v2\/pages"}],"about":[{"href":"https:\/\/www.primaverahotel.cz\/en\/wp-json\/wp\/v2\/types\/page"}],"author":[{"embeddable":true,"href":"https:\/\/www.primaverahotel.cz\/en\/wp-json\/wp\/v2\/users\/8"}],"replies":[{"embeddable":true,"href":"https:\/\/www.primaverahotel.cz\/en\/wp-json\/wp\/v2\/comments?post=249"}],"version-history":[{"count":0,"href":"https:\/\/www.primaverahotel.cz\/en\/wp-json\/wp\/v2\/pages\/249\/revisions"}],"wp:attachment":[{"href":"https:\/\/www.primaverahotel.cz\/en\/wp-json\/wp\/v2\/media?parent=249"}],"curies":[{"name":"wp","href":"https:\/\/api.w.org\/{rel}","templated":true}]}}