{"id":309,"date":"2025-04-01T14:46:12","date_gmt":"2025-04-01T14:46:12","guid":{"rendered":"https:\/\/primavera.ms2.decms.eu\/?page_id=309"},"modified":"2025-04-02T09:46:11","modified_gmt":"2025-04-02T09:46:11","slug":"cookie-richtlinie","status":"publish","type":"page","link":"https:\/\/www.primaverahotel.cz\/de\/cookie-richtlinie\/","title":{"rendered":"Cookie-Richtlinie"},"content":{"rendered":"<p>Was sind Cookie:<br \/>\nUm die bereitgestellten Dienste zu verbessern, verwendet unsere Website \u201eCookies\u201c. \u201eCookies\u201c sind kleine Dateien, die Informationen in Ihrem Browser speichern und h\u00e4ufig verwendet werden, um einzelne Benutzer zu unterscheiden. Die Person des Nutzers ist anhand dieser Informationen jedoch nicht bestimmbar.<\/p>\n<p>&nbsp;<\/p>\n<a href=\"#dedge-didomi-show-cookie-preferences\" class=\"dedge-didomi-preferences-button\">Consent preferences<\/a>\n<p>&nbsp;<\/p>\n<p>Cookies helfen so zum Beispiel:<\/p>\n<ul>\n<li>f\u00fcr das ordnungsgem\u00e4\u00dfe Funktionieren unserer Website, um den Kaufvorgang mit den geringsten Schwierigkeiten abzuschlie\u00dfen<\/li>\n<li>um sich die Zugangsdaten unserer Kunden zu merken, damit sie diese nicht jedes Mal eingeben m\u00fcssen<\/li>\n<li>um sich den Inhalt des Warenkorbs zu merken, wenn die Bestellung bei einem Besuch nicht abgeschlossen wird<\/li>\n<li>zum Speichern von Filtern, Sortieren und Anzeigen von Produkten nach Benutzerpr\u00e4ferenzen<\/li>\n<li>Sie helfen uns zu verhindern, dass Besucher Anzeigen f\u00fcr Waren sehen, an denen sie nicht interessiert sind<\/li>\n<li>um die Verkehrsstatistiken unserer Website zu \u00fcberwachen<\/li>\n<\/ul>\n<p>\u00dcbersicht der am h\u00e4ufigsten verwendeten Cookies<\/p>\n<p>Marketing &#8222;Cookies&#8220; werden verwendet, um das Kundenverhalten auf der Website zu \u00fcberwachen.<br \/>\nIhr Ziel ist es, f\u00fcr jeden einzelnen Benutzer relevante und n\u00fctzliche Werbung bereitzustellen, die f\u00fcr alle von Vorteil ist.<\/p>\n<table>\n<thead>\n<tr>\n<th>Herausgeber \/ Cookie-Name<\/th>\n<th>Typ<\/th>\n<th>G\u00fcltigkeit<\/th>\n<\/tr>\n<\/thead>\n<tbody>\n<tr>\n<td>Google AdWords<\/td>\n<td>remarketing<\/td>\n<td>max 540 Tage<\/td>\n<\/tr>\n<tr>\n<td>Google Analytics<\/td>\n<td>remarketing<\/td>\n<td>max 540 Tage<\/td>\n<\/tr>\n<tr>\n<td>Sklik<\/td>\n<td>remarketing<\/td>\n<td>max 540 Tage<\/td>\n<\/tr>\n<tr>\n<td>Facebook pixel<\/td>\n<td>remarketing<\/td>\n<td>max 180 Tage<\/td>\n<\/tr>\n<\/tbody>\n<\/table>\n<p>Analytische \/ Statistische Cookie<br \/>\nStatistische &#8222;Cookies&#8220; helfen Website-Besitzern zu verstehen, wie sich Benutzer auf ihren Websites verhalten, indem sie anonyme Daten \u00fcber ihre Besuche, ihr Verhalten und ihre Bestellungen sammeln und melden.<\/p>\n<table>\n<thead>\n<tr>\n<th>Herausgeber \/ Cookie-Name<\/th>\n<th>Typ<\/th>\n<th>G\u00fcltigkeit<\/th>\n<\/tr>\n<\/thead>\n<tbody>\n<tr>\n<td>Google Analytics<\/td>\n<td>analytisch<\/td>\n<td>kann variieren<\/td>\n<\/tr>\n<tr>\n<td>Yandex Metrica<\/td>\n<td>analytisch<\/td>\n<td>kann variieren<\/td>\n<\/tr>\n<tr>\n<td>AWstats<\/td>\n<td>analytisch<\/td>\n<td>kann variieren<\/td>\n<\/tr>\n<tr>\n<td>Google AdWords<\/td>\n<td>konversion<\/td>\n<td>presistant<\/td>\n<\/tr>\n<tr>\n<td>Sklik<\/td>\n<td>konversion<\/td>\n<td>presistant<\/td>\n<\/tr>\n<tr>\n<td>Facebook<\/td>\n<td>konversion<\/td>\n<td>presistant<\/td>\n<\/tr>\n<tr>\n<td>Zbo\u017e\u00ed.cz<\/td>\n<td>konversion<\/td>\n<td>presistant<\/td>\n<\/tr>\n<tr>\n<td>Heureka<\/td>\n<td>konversion<\/td>\n<td>presistant<\/td>\n<\/tr>\n<\/tbody>\n<\/table>\n<p>&nbsp;<\/p>\n<p>Technisch \/ notwendige Cookies<br \/>\nNotwendige \u201eCookies\u201c sind f\u00fcr die Funktionalit\u00e4t der Website unabdingbar und stellen deren Funktion sicher, beispielsweise beim Navigieren und Aufrufen von Benutzerbereichen. Diese Website kann nicht richtig funktionieren, wenn Cookies nicht aktiviert sind.<\/p>\n<div class=\"table_wrap\">\n<table>\n<thead>\n<tr>\n<th>Herausgeber \/ Cookie-Name<\/th>\n<th>Typ<\/th>\n<th>G\u00fcltigkeit<\/th>\n<\/tr>\n<\/thead>\n<tbody>\n<tr>\n<td>ASP.NET_SessionId<\/td>\n<td>technisch<\/td>\n<td>kann variieren<\/td>\n<\/tr>\n<tr>\n<td>ASPXAUTH<\/td>\n<td>technisch<\/td>\n<td>kann variieren<\/td>\n<\/tr>\n<tr>\n<td>external_login_service_result<\/td>\n<td>technisch<\/td>\n<td>kann variieren<\/td>\n<\/tr>\n<tr>\n<td>UserLanguage<\/td>\n<td>technisch<\/td>\n<td>kann variieren<\/td>\n<\/tr>\n<tr>\n<td>poll_<\/td>\n<td>technisch<\/td>\n<td>kann variieren<\/td>\n<\/tr>\n<tr>\n<td>shop_cart_identity_<\/td>\n<td>technisch<\/td>\n<td>kann variieren<\/td>\n<\/tr>\n<tr>\n<td>oauth_redirect_url<\/td>\n<td>technisch<\/td>\n<td>kann variieren<\/td>\n<\/tr>\n<tr>\n<td>__em_EasyMarketShopOrdersManager_OrderLast<\/td>\n<td>technisch<\/td>\n<td>kann variieren<\/td>\n<\/tr>\n<tr>\n<td>ID + &#8222;_sort&#8220;<\/td>\n<td>technisch<\/td>\n<td>session<\/td>\n<\/tr>\n<tr>\n<td>ID + &#8222;_view&#8220;<\/td>\n<td>technisch<\/td>\n<td>session<\/td>\n<\/tr>\n<tr>\n<td>dataView_list_view_type<\/td>\n<td>technisch<\/td>\n<td>kann variieren<\/td>\n<\/tr>\n<tr>\n<td>SortVariantPropertyName<\/td>\n<td>technisch<\/td>\n<td>kann variieren<\/td>\n<\/tr>\n<tr>\n<td>_filters_scrollTop_<\/td>\n<td>technisch<\/td>\n<td>kann variieren<\/td>\n<\/tr>\n<tr>\n<td>ShopCatalog.View.setParam<\/td>\n<td>technisch<\/td>\n<td>kann variieren<\/td>\n<\/tr>\n<\/tbody>\n<\/table>\n<\/div>\n","protected":false},"excerpt":{"rendered":"<p>Was sind Cookie: Um die bereitgestellten Dienste zu verbessern, verwendet unsere Website \u201eCookies\u201c. \u201eCookies\u201c sind kleine Dateien, die Informationen in Ihrem Browser speichern und h\u00e4ufig verwendet werden, um einzelne Benutzer zu unterscheiden. Die Person des Nutzers ist anhand dieser Informationen jedoch nicht bestimmbar. &nbsp; &nbsp; Cookies helfen so zum Beispiel: f\u00fcr das ordnungsgem\u00e4\u00dfe Funktionieren unserer [&hellip;]<\/p>\n","protected":false},"author":8,"featured_media":0,"parent":0,"menu_order":963,"comment_status":"closed","ping_status":"closed","template":"template-job.php","meta":{"footnotes":""},"yoast_head":"<!-- This site is optimized with the Yoast SEO plugin v22.3 - https:\/\/yoast.com\/wordpress\/plugins\/seo\/ -->\n<title>Cookie-Richtlinie &#8226; Primavera Hotel &amp; Congress centre<\/title>\n<meta name=\"robots\" content=\"index, follow, max-snippet:-1, max-image-preview:large, max-video-preview:-1\" \/>\n<link rel=\"canonical\" href=\"https:\/\/www.primaverahotel.cz\/de\/cookie-richtlinie\/\" \/>\n<meta property=\"og:locale\" content=\"de_DE\" \/>\n<meta property=\"og:type\" content=\"article\" \/>\n<meta property=\"og:title\" content=\"Cookie-Richtlinie &#8226; Primavera Hotel &amp; Congress centre\" \/>\n<meta property=\"og:description\" content=\"Was sind Cookie: Um die bereitgestellten Dienste zu verbessern, verwendet unsere Website \u201eCookies\u201c. \u201eCookies\u201c sind kleine Dateien, die Informationen in Ihrem Browser speichern und h\u00e4ufig verwendet werden, um einzelne Benutzer zu unterscheiden. Die Person des Nutzers ist anhand dieser Informationen jedoch nicht bestimmbar. &nbsp; &nbsp; Cookies helfen so zum Beispiel: f\u00fcr das ordnungsgem\u00e4\u00dfe Funktionieren unserer [&hellip;]\" \/>\n<meta property=\"og:url\" content=\"https:\/\/www.primaverahotel.cz\/de\/cookie-richtlinie\/\" \/>\n<meta property=\"og:site_name\" content=\"Primavera Hotel &amp; Congress centre\" \/>\n<meta property=\"article:publisher\" content=\"https:\/\/www.facebook.com\/primaverahotel.cz\" \/>\n<meta property=\"article:modified_time\" content=\"2025-04-02T09:46:11+00:00\" \/>\n<meta property=\"og:image\" content=\"https:\/\/www.primaverahotel.cz\/wp-content\/uploads\/sites\/227\/2025\/03\/primavera-hotel-congress-.jpg\" \/>\n\t<meta property=\"og:image:width\" content=\"2345\" \/>\n\t<meta property=\"og:image:height\" content=\"1200\" \/>\n\t<meta property=\"og:image:type\" content=\"image\/jpeg\" \/>\n<meta name=\"twitter:card\" content=\"summary_large_image\" \/>\n<meta name=\"twitter:site\" content=\"@hotelprimavera\" \/>\n<meta name=\"twitter:label1\" content=\"Gesch\u00e4tzte Lesezeit\" \/>\n\t<meta name=\"twitter:data1\" content=\"2 Minuten\" \/>\n<script type=\"application\/ld+json\" class=\"yoast-schema-graph\">{\"@context\":\"https:\/\/schema.org\",\"@graph\":[{\"@type\":\"WebPage\",\"@id\":\"https:\/\/www.primaverahotel.cz\/de\/cookie-richtlinie\/\",\"url\":\"https:\/\/www.primaverahotel.cz\/de\/cookie-richtlinie\/\",\"name\":\"Cookie-Richtlinie &#8226; Primavera Hotel &amp; Congress centre\",\"isPartOf\":{\"@id\":\"https:\/\/www.primaverahotel.cz\/de\/#website\"},\"datePublished\":\"2025-04-01T14:46:12+00:00\",\"dateModified\":\"2025-04-02T09:46:11+00:00\",\"breadcrumb\":{\"@id\":\"https:\/\/www.primaverahotel.cz\/de\/cookie-richtlinie\/#breadcrumb\"},\"inLanguage\":\"de-DE\",\"potentialAction\":[{\"@type\":\"ReadAction\",\"target\":[\"https:\/\/www.primaverahotel.cz\/de\/cookie-richtlinie\/\"]}]},{\"@type\":\"BreadcrumbList\",\"@id\":\"https:\/\/www.primaverahotel.cz\/de\/cookie-richtlinie\/#breadcrumb\",\"itemListElement\":[{\"@type\":\"ListItem\",\"position\":1,\"name\":\"Home\",\"item\":\"https:\/\/www.primaverahotel.cz\/de\/\"},{\"@type\":\"ListItem\",\"position\":2,\"name\":\"Cookie-Richtlinie\"}]},{\"@type\":\"WebSite\",\"@id\":\"https:\/\/www.primaverahotel.cz\/de\/#website\",\"url\":\"https:\/\/www.primaverahotel.cz\/de\/\",\"name\":\"Primavera Hotel & Congress centre\",\"description\":\"\",\"publisher\":{\"@id\":\"https:\/\/www.primaverahotel.cz\/de\/#organization\"},\"alternateName\":\"Primavera Hotel\",\"potentialAction\":[{\"@type\":\"SearchAction\",\"target\":{\"@type\":\"EntryPoint\",\"urlTemplate\":\"https:\/\/www.primaverahotel.cz\/de\/?s={search_term_string}\"},\"query-input\":\"required name=search_term_string\"}],\"inLanguage\":\"de-DE\"},{\"@type\":\"Organization\",\"@id\":\"https:\/\/www.primaverahotel.cz\/de\/#organization\",\"name\":\"Primavera Hotel & Congress centre\",\"url\":\"https:\/\/www.primaverahotel.cz\/de\/\",\"logo\":{\"@type\":\"ImageObject\",\"inLanguage\":\"de-DE\",\"@id\":\"https:\/\/www.primaverahotel.cz\/de\/#\/schema\/logo\/image\/\",\"url\":\"https:\/\/www.primaverahotel.cz\/wp-content\/uploads\/sites\/227\/2025\/03\/logo_primavera.png\",\"contentUrl\":\"https:\/\/www.primaverahotel.cz\/wp-content\/uploads\/sites\/227\/2025\/03\/logo_primavera.png\",\"width\":420,\"height\":200,\"caption\":\"Primavera Hotel & Congress centre\"},\"image\":{\"@id\":\"https:\/\/www.primaverahotel.cz\/de\/#\/schema\/logo\/image\/\"},\"sameAs\":[\"https:\/\/www.facebook.com\/primaverahotel.cz\",\"https:\/\/twitter.com\/hotelprimavera\",\"https:\/\/www.primaverahotel.cz\/www.youtube.com\/channel\/UCOPQjWRY1lIF95VFdBOc0yA\/\",\"https:\/\/www.instagram.com\/primavera.hotel\/\"]}]}<\/script>\n<!-- \/ Yoast SEO plugin. -->","yoast_head_json":{"title":"Cookie-Richtlinie &#8226; Primavera Hotel &amp; Congress centre","robots":{"index":"index","follow":"follow","max-snippet":"max-snippet:-1","max-image-preview":"max-image-preview:large","max-video-preview":"max-video-preview:-1"},"canonical":"https:\/\/www.primaverahotel.cz\/de\/cookie-richtlinie\/","og_locale":"de_DE","og_type":"article","og_title":"Cookie-Richtlinie &#8226; Primavera Hotel &amp; Congress centre","og_description":"Was sind Cookie: Um die bereitgestellten Dienste zu verbessern, verwendet unsere Website \u201eCookies\u201c. \u201eCookies\u201c sind kleine Dateien, die Informationen in Ihrem Browser speichern und h\u00e4ufig verwendet werden, um einzelne Benutzer zu unterscheiden. Die Person des Nutzers ist anhand dieser Informationen jedoch nicht bestimmbar. &nbsp; &nbsp; Cookies helfen so zum Beispiel: f\u00fcr das ordnungsgem\u00e4\u00dfe Funktionieren unserer [&hellip;]","og_url":"https:\/\/www.primaverahotel.cz\/de\/cookie-richtlinie\/","og_site_name":"Primavera Hotel &amp; Congress centre","article_publisher":"https:\/\/www.facebook.com\/primaverahotel.cz","article_modified_time":"2025-04-02T09:46:11+00:00","og_image":[{"width":2345,"height":1200,"url":"https:\/\/www.primaverahotel.cz\/wp-content\/uploads\/sites\/227\/2025\/03\/primavera-hotel-congress-.jpg","type":"image\/jpeg"}],"twitter_card":"summary_large_image","twitter_site":"@hotelprimavera","twitter_misc":{"Gesch\u00e4tzte Lesezeit":"2 Minuten"},"schema":{"@context":"https:\/\/schema.org","@graph":[{"@type":"WebPage","@id":"https:\/\/www.primaverahotel.cz\/de\/cookie-richtlinie\/","url":"https:\/\/www.primaverahotel.cz\/de\/cookie-richtlinie\/","name":"Cookie-Richtlinie &#8226; Primavera Hotel &amp; Congress centre","isPartOf":{"@id":"https:\/\/www.primaverahotel.cz\/de\/#website"},"datePublished":"2025-04-01T14:46:12+00:00","dateModified":"2025-04-02T09:46:11+00:00","breadcrumb":{"@id":"https:\/\/www.primaverahotel.cz\/de\/cookie-richtlinie\/#breadcrumb"},"inLanguage":"de-DE","potentialAction":[{"@type":"ReadAction","target":["https:\/\/www.primaverahotel.cz\/de\/cookie-richtlinie\/"]}]},{"@type":"BreadcrumbList","@id":"https:\/\/www.primaverahotel.cz\/de\/cookie-richtlinie\/#breadcrumb","itemListElement":[{"@type":"ListItem","position":1,"name":"Home","item":"https:\/\/www.primaverahotel.cz\/de\/"},{"@type":"ListItem","position":2,"name":"Cookie-Richtlinie"}]},{"@type":"WebSite","@id":"https:\/\/www.primaverahotel.cz\/de\/#website","url":"https:\/\/www.primaverahotel.cz\/de\/","name":"Primavera Hotel & Congress centre","description":"","publisher":{"@id":"https:\/\/www.primaverahotel.cz\/de\/#organization"},"alternateName":"Primavera Hotel","potentialAction":[{"@type":"SearchAction","target":{"@type":"EntryPoint","urlTemplate":"https:\/\/www.primaverahotel.cz\/de\/?s={search_term_string}"},"query-input":"required name=search_term_string"}],"inLanguage":"de-DE"},{"@type":"Organization","@id":"https:\/\/www.primaverahotel.cz\/de\/#organization","name":"Primavera Hotel & Congress centre","url":"https:\/\/www.primaverahotel.cz\/de\/","logo":{"@type":"ImageObject","inLanguage":"de-DE","@id":"https:\/\/www.primaverahotel.cz\/de\/#\/schema\/logo\/image\/","url":"https:\/\/www.primaverahotel.cz\/wp-content\/uploads\/sites\/227\/2025\/03\/logo_primavera.png","contentUrl":"https:\/\/www.primaverahotel.cz\/wp-content\/uploads\/sites\/227\/2025\/03\/logo_primavera.png","width":420,"height":200,"caption":"Primavera Hotel & Congress centre"},"image":{"@id":"https:\/\/www.primaverahotel.cz\/de\/#\/schema\/logo\/image\/"},"sameAs":["https:\/\/www.facebook.com\/primaverahotel.cz","https:\/\/twitter.com\/hotelprimavera","https:\/\/www.primaverahotel.cz\/www.youtube.com\/channel\/UCOPQjWRY1lIF95VFdBOc0yA\/","https:\/\/www.instagram.com\/primavera.hotel\/"]}]}},"acf":[],"_links":{"self":[{"href":"https:\/\/www.primaverahotel.cz\/de\/wp-json\/wp\/v2\/pages\/309"}],"collection":[{"href":"https:\/\/www.primaverahotel.cz\/de\/wp-json\/wp\/v2\/pages"}],"about":[{"href":"https:\/\/www.primaverahotel.cz\/de\/wp-json\/wp\/v2\/types\/page"}],"author":[{"embeddable":true,"href":"https:\/\/www.primaverahotel.cz\/de\/wp-json\/wp\/v2\/users\/8"}],"replies":[{"embeddable":true,"href":"https:\/\/www.primaverahotel.cz\/de\/wp-json\/wp\/v2\/comments?post=309"}],"version-history":[{"count":0,"href":"https:\/\/www.primaverahotel.cz\/de\/wp-json\/wp\/v2\/pages\/309\/revisions"}],"wp:attachment":[{"href":"https:\/\/www.primaverahotel.cz\/de\/wp-json\/wp\/v2\/media?parent=309"}],"curies":[{"name":"wp","href":"https:\/\/api.w.org\/{rel}","templated":true}]}}